{"id":104,"date":"2012-02-05T18:37:04","date_gmt":"2012-02-05T18:37:04","guid":{"rendered":"http:\/\/wp2.serviceit.at\/?page_id=104"},"modified":"2012-02-18T05:45:34","modified_gmt":"2012-02-18T05:45:34","slug":"aloe-vera","status":"publish","type":"page","link":"http:\/\/www.shiatsu-kirchschlag.at\/?page_id=104","title":{"rendered":"Aloe Vera"},"content":{"rendered":"<p style=\"text-align: justify;\"><strong>Wozu Aloe Vera?<\/strong><\/p>\n<p style=\"text-align: justify;\"><strong><strong>Zur inneren Anwendung als Nahrungserg\u00e4nzung<\/strong><\/strong><br \/>\nAuf Grund abnehmenden Mineral- und N\u00e4hrstoffgehaltes in der handels\u00fcblichen Nahrung und der Verbreitung von Fast Food ist eine gesunde, ausgewogene Ern\u00e4hrung in der heutigen Zeit nur schwer m\u00f6glich. Rund 80% der Krankheiten entstehen im Darm!<\/p>\n<p style=\"text-align: justify;\"><strong>Gesunder Darm\u00a0 Gesunder Mensch!<\/strong><strong><\/strong><br \/>\nAloe Vera Gel, als t\u00e4gliches Fitnessgetr\u00e4nk angewendet, gilt als optimale L\u00f6sung, es bindet Schadstoffe mit darmregulierender Wirkung, st\u00e4rkt die Abwehrkr\u00e4fte, lindert Schmerzen und kurbelt das Immunsystem an. Die Verwendung als t\u00e4gliches Nahrungs-erg\u00e4nzungsgetr\u00e4nk wird daher von Fachleuten empfohlen.<\/p>\n<p style=\"text-align: justify;\"><strong>Aloe Vera bietet<\/strong><strong><\/strong><br \/>\neine umfangreiche Versorgung des menschlichen K\u00f6rpers mit bioaktiven Vitaminen, Mineralien, Spurenelementen, Aminsos\u00e4uren, Enzymen, Einfach- und Mehrfachzuckern, pflanzlichen Fetts\u00e4uren, Aminozuckern, sekund\u00e4ren Pflanzenstoffen und Ballaststoffen. Die F\u00fclle dieser N\u00e4hrstoffe ist in der Pflanzenwelt einzigartig.<\/p>\n<p style=\"text-align: justify;\"><strong>Aloe Vera harmonisiert<\/strong><strong><\/strong><br \/>\nSchmerzen z.B. des Bewegungsapparats, bei Migr\u00e4ne, G\u00fcrtelrose (Herpesinfektion), Tumor und Nebenwirkungen von Medikamenten, Strahlensch\u00e4den z.B. in der Krebstherapie und sch\u00fctzt vor freien Radikalen. In Aloe Vera-Gel ist die Salicyls\u00e4ure als biologische Substanz enthalten.<\/p>\n<p style=\"text-align: justify;\"><strong>Aloe Vera mindert<\/strong><strong><\/strong><br \/>\nden Medikamentenbedarf bei Krankheiten und St\u00f6rungen in folgenden Bereichen:<\/p>\n<p style=\"text-align: justify;\">Allergien, Bakterien und Viren, Bluthochdruck, Colitis Ulcerosa, Chronische Infekte im HNO- und Bronchienbereich, Darm, Depression, Durchblutung, Entz\u00fcndungen, Erh\u00f6hte Harns\u00e4ure (Gicht), Fettstoffwechsel, Herz, Magen, Morbus Crohn, Neurodermitis, Pilzerkrankungen (Mycosen), Rheuma, Zuckerkrankheit (Diabetes)<\/p>\n<p style=\"text-align: justify;\">Je weniger chemische Medikamente in den menschlichen Organismus gelangen, desto weniger Nebenwirkungen und Unvertr\u00e4glichkeiten.<\/p>\n<p style=\"text-align: justify;\">Es ist besonders hervorzuheben, dass nicht die Menge der Einzelsubstanzen die Besserung von Beschwerden erm\u00f6glicht, sondern die Summe der vielen verschiedenen Stoffe im Sinne einer ganzheitlich sich verst\u00e4rkenden Ursachenbehandlung.<\/p>\n<p style=\"text-align: justify;\"><strong>Aloe Vera verbessert<\/strong><strong><\/strong><br \/>\nMesswerte: Blut, Leber, Fette, Zucker, Mineralien, Nieren, Harns\u00e4ure, Eiweiss (Immunglobuline),&#8216; Blutbild (An\u00e4mie); verbessert den Sauerstofftransport \u00fcber die roten Blutk\u00f6rperchen (verbessert den Eisenspiegel), die Sehf\u00e4higkeit, die Magen-Darm-T\u00e4tigkeit und damit die Aufnahme aller N\u00e4hrstoffe in den K\u00f6rper, die Durchblutung (durch Ents\u00e4uerung), Selbstheilungskr\u00e4fte.<\/p>\n<p style=\"text-align: justify;\"><strong>Aloe Vera steigert<\/strong><br \/>\ndie geistige und k\u00f6rperliche Leistungsf\u00e4higkeit und verbessert somit auch die Lebensqualit\u00e4t im Alter. Aloe Vera ist <strong>das <\/strong>&#8222;Anti-Aging&#8220;-Mittel. Die regelm\u00e4\u00dfige, t\u00e4gliche Einnahme von Aloe Vera ist nicht nur zur Behandlung von bereits bestehenden Krankheiten geeignet, sondern auch besonders zur Vorbeugung (Prophylaxe).<\/p>\n<p style=\"text-align: justify;\"><strong>Aloe Vera ist geeignet<\/strong><br \/>\nf\u00fcr die innerliche und \u00e4u\u00dferliche Anwendung. Aloe Vera Gels bestehen in der Regel aus mindestens 90 Prozent reinem Aloe Vera Blattgel, das ohne die Schale verarbeitet wird. Aloe Vera Gels sind aufgrund ihrer mehr als 200 nachgewiesenen Wirkstoffe in erster Linie f\u00fcr die innerliche Anwendung geeignet. Dar\u00fcber hinaus gibt es aber auch viele Pflegeprodukte aus Aloe Vera Gel, wie Konzentrate, Sprays und Cremen, welche ausschlie\u00dflich f\u00fcr die \u00e4u\u00dferliche Anwendung gedacht sind.<\/p>\n<p style=\"text-align: justify;\">Quelle: Aloe Vera Leitfaden Gesund werden Gesund bleiben, ISBN 3-9809673-0-1 hier gerne auch als Download: <a href=\"http:\/\/wp2.serviceit.at\/wp-content\/uploads\/2012\/02\/AloeVera.pdf\">AloeVera<\/a><\/p>\n<p><em>Beratung, Bestellung und Verkauf bei Verena Schwarz: Tel. 0680 3031343<\/em><\/p>\n","protected":false},"excerpt":{"rendered":"<p>Wozu Aloe Vera? Zur inneren Anwendung als Nahrungserg\u00e4nzung Auf Grund abnehmenden Mineral- und N\u00e4hrstoffgehaltes in der handels\u00fcblichen Nahrung und der Verbreitung von Fast Food ist eine gesunde, ausgewogene Ern\u00e4hrung in der heutigen Zeit nur schwer m\u00f6glich. Rund 80% der Krankheiten &hellip; <a href=\"http:\/\/www.shiatsu-kirchschlag.at\/?page_id=104\">Weiterlesen <span class=\"meta-nav\">&rarr;<\/span><\/a><\/p>\n","protected":false},"author":1,"featured_media":0,"parent":0,"menu_order":4,"comment_status":"closed","ping_status":"closed","template":"","meta":{"footnotes":""},"_links":{"self":[{"href":"http:\/\/www.shiatsu-kirchschlag.at\/index.php?rest_route=\/wp\/v2\/pages\/104"}],"collection":[{"href":"http:\/\/www.shiatsu-kirchschlag.at\/index.php?rest_route=\/wp\/v2\/pages"}],"about":[{"href":"http:\/\/www.shiatsu-kirchschlag.at\/index.php?rest_route=\/wp\/v2\/types\/page"}],"author":[{"embeddable":true,"href":"http:\/\/www.shiatsu-kirchschlag.at\/index.php?rest_route=\/wp\/v2\/users\/1"}],"replies":[{"embeddable":true,"href":"http:\/\/www.shiatsu-kirchschlag.at\/index.php?rest_route=%2Fwp%2Fv2%2Fcomments&post=104"}],"version-history":[{"count":2,"href":"http:\/\/www.shiatsu-kirchschlag.at\/index.php?rest_route=\/wp\/v2\/pages\/104\/revisions"}],"predecessor-version":[{"id":110,"href":"http:\/\/www.shiatsu-kirchschlag.at\/index.php?rest_route=\/wp\/v2\/pages\/104\/revisions\/110"}],"wp:attachment":[{"href":"http:\/\/www.shiatsu-kirchschlag.at\/index.php?rest_route=%2Fwp%2Fv2%2Fmedia&parent=104"}],"curies":[{"name":"wp","href":"https:\/\/api.w.org\/{rel}","templated":true}]}}